{"id":9,"date":"2018-05-03T16:54:33","date_gmt":"2018-05-03T14:54:33","guid":{"rendered":"http:\/\/seminar-blaubeuren.de\/?page_id=9"},"modified":"2026-04-10T11:55:45","modified_gmt":"2026-04-10T09:55:45","slug":"home","status":"publish","type":"page","link":"https:\/\/seminar-blaubeuren.de\/","title":{"rendered":"home"},"content":{"rendered":"<div class=\"wpb-content-wrapper\"><p>[vc_row][vc_column width=&#8220;1\/1&#8243;][vc_row_inner][vc_column_inner width=&#8220;1\/2&#8243;][\/vc_column_inner][vc_column_inner width=&#8220;1\/2&#8243;][\/vc_column_inner][\/vc_row_inner][\/vc_column][\/vc_row][vc_row unlock_row_content=&#8220;yes&#8220; row_height_percent=&#8220;0&#8243; override_padding=&#8220;yes&#8220; h_padding=&#8220;2&#8243; top_padding=&#8220;0&#8243; bottom_padding=&#8220;0&#8243; back_color=&#8220;accent&#8220; overlay_alpha=&#8220;50&#8243; equal_height=&#8220;yes&#8220; gutter_size=&#8220;3&#8243; column_width_percent=&#8220;90&#8243; shift_y=&#8220;0&#8243; z_index=&#8220;0&#8243;][vc_column column_width_percent=&#8220;100&#8243; gutter_size=&#8220;3&#8243; overlay_alpha=&#8220;50&#8243; shift_x=&#8220;0&#8243; shift_y=&#8220;0&#8243; shift_y_down=&#8220;0&#8243; z_index=&#8220;0&#8243; medium_width=&#8220;0&#8243; mobile_width=&#8220;0&#8243; width=&#8220;1\/1&#8243;][vc_button button_color=&#8220;color-nhtu&#8220; size=&#8220;btn-xl&#8220; radius=&#8220;btn-default-shape&#8220; wide=&#8220;yes&#8220; hover_fx=&#8220;full-colored&#8220; outline=&#8220;yes&#8220; text_skin=&#8220;yes&#8220; border_width=&#8220;3&#8243; link=&#8220;url:https%3A%2F%2Fseminar-blaubeuren.de%2Findex.php%2Fsemi-werden%2Finformationen%2F|title:Informationen|target:_blank&#8220; button_color_type=&#8220;uncode-palette&#8220; uncode_shortcode_id=&#8220;194805&#8243;]Informationen kompakt[\/vc_button][vc_column_text border_color=&#8220;color-nhtu&#8220; border_style=&#8220;solid&#8220; uncode_shortcode_id=&#8220;420269&#8243; border_color_type=&#8220;uncode-palette&#8220;]<\/p>\n<h4 style=\"text-align: center;\"><span style=\"color: #ffffff;\">Du willst Seminaristin oder Seminarist werden und hast den &#8222;T<\/span><span style=\"color: #ffffff;\">ag der offenen T\u00fcr&#8220; verpasst?\u00a0<\/span><\/h4>\n<p style=\"text-align: center;\"><span style=\"color: #ffffff;\">Melde dich einfach bei uns &#8211; wir nehmen uns Zeit f\u00fcr dich. <\/span><br \/>\n<span style=\"color: #ffffff;\">Eine Aufnahme ans Seminar ist f\u00fcr Sch\u00fclerinnen und Sch\u00fcler zu Beginn der 9. Klasse oder in h\u00f6heren Klassen m\u00f6glich. <\/span><\/p>\n<p style=\"text-align: center;\"><span style=\"color: #ffffff;\">Es gibt auch Pl\u00e4tze f\u00fcr Externe, also f\u00fcr Sch\u00fclerinnen und Sch\u00fcler, die nicht im Internat wohnen werden: Das hei\u00dft, du besuchst unsere Schule und nimmst am Essen teil, \u00fcbernachtest jedoch nicht im Internat..<\/span><\/p>\n<p style=\"text-align: center;\"><span style=\"color: #ffffff;\">Schau dir das Leben im Internat vorher einmal an und komm zum Schnuppern.<\/span><\/p>\n<p style=\"text-align: center;\"><span style=\"color: #ffffff;\">N\u00e4here Informationen bekommst du von Herrn Sch\u00e4ffler: Telefon 07344-962610 oder <a style=\"color: #ffffff;\" href=\"mailto:sekretariat@seminar-blaubeuren.de\">sekretariat@seminar-blaubeuren.de<\/a><\/span><\/p>\n<p>[\/vc_column_text][vc_row_inner row_inner_height_percent=&#8220;0&#8243; overlay_alpha=&#8220;50&#8243; equal_height=&#8220;yes&#8220; gutter_size=&#8220;4&#8243; shift_y=&#8220;0&#8243; z_index=&#8220;0&#8243; limit_content=&#8220;&#8220;][vc_column_inner column_width_percent=&#8220;100&#8243; gutter_size=&#8220;4&#8243; style=&#8220;dark&#8220; overlay_alpha=&#8220;50&#8243; shift_x=&#8220;0&#8243; shift_y=&#8220;0&#8243; shift_y_down=&#8220;0&#8243; z_index=&#8220;0&#8243; medium_width=&#8220;0&#8243; mobile_width=&#8220;0&#8243; width=&#8220;1\/2&#8243; css=&#8220;.vc_custom_1519559058001{padding-top: 20px !important;}&#8220;][vc_custom_heading text_color=&#8220;color-xsdn&#8220; heading_semantic=&#8220;h1&#8243; text_size=&#8220;h1&#8243; text_weight=&#8220;100&#8243;]<\/p>\n<h1>\u00dcBER DAS<\/h1>\n<h1><strong>SEMINAR<\/strong><\/h1>\n<p>[\/vc_custom_heading][vc_column_text]Das Seminar Blaubeuren ist seit 1556 eine Internatsschule. Hier findest Du ein einzigartiges Lern- und Lebensumfeld &#8211; unabh\u00e4ngig von den finanziellen M\u00f6glichkeiten Deiner Eltern. Das Seminar ist weit mehr als Schule und Internat. Es ist der Ort, in dem Du mit Deinen F\u00e4higkeiten und Deiner Lust am Lernen und Hinterfragen Deinen Platz findest.<\/p>\n<p>Das Seminar ist ein Gymnasium und Internat des Landes und der Evangelischen Landeskirche in W\u00fcrttemberg mit langer Tradition. Es bietet ein breites, an christlichen Werten orientiertes Bildungs- und Freizeitangebot und f\u00f6rdert die Entwicklung zu Selbstst\u00e4ndigkeit und Verantwortung.[\/vc_column_text][\/vc_column_inner][vc_column_inner column_width_percent=&#8220;100&#8243; position_vertical=&#8220;middle&#8220; gutter_size=&#8220;0&#8243; overlay_alpha=&#8220;50&#8243; shift_x=&#8220;0&#8243; shift_y=&#8220;0&#8243; shift_y_down=&#8220;0&#8243; z_index=&#8220;0&#8243; medium_width=&#8220;0&#8243; mobile_width=&#8220;0&#8243; width=&#8220;1\/2&#8243;][vc_gallery el_id=&#8220;gallery-844505&#8243; medias=&#8220;20,77804,77813&#8243; style_preset=&#8220;metro&#8220; gallery_back_color=&#8220;color-iopl&#8220; gutter_size=&#8220;0&#8243; media_items=&#8220;media|custom_link|original,title,description&#8220; screen_lg=&#8220;1000&#8243; screen_md=&#8220;600&#8243; screen_sm=&#8220;480&#8243; single_width=&#8220;3&#8243; single_height=&#8220;3&#8243; single_back_color=&#8220;color-iopl&#8220; single_overlay_color=&#8220;color-iopl&#8220; single_overlay_opacity=&#8220;60&#8243; single_overlay_visible=&#8220;yes&#8220; single_text_visible=&#8220;yes&#8220; single_h_align=&#8220;center&#8220; single_padding=&#8220;0&#8243; single_title_family=&#8220;font-377884&#8243; single_title_dimension=&#8220;h4&#8243; single_title_weight=&#8220;900&#8243; single_title_transform=&#8220;uppercase&#8220; single_border=&#8220;yes&#8220; single_css_animation=&#8220;zoom-out&#8220; lbox_social=&#8220;yes&#8220; lbox_deep=&#8220;yes&#8220; items=&#8220;eyI3MzE2N19pIjp7InNpbmdsZV9saW5rIjoidXJsOmh0dHBzJTNBJTJGJTJGeW91dHUuYmUlMkZLd2huVXhCUHMyUXx0aXRsZTpVbnNlciUyMFZpZGVvfHRhcmdldDolMjBfYmxhbmt8Iiwic2luZ2xlX3dpZHRoIjoiMyJ9LCI3NjAzMV9pIjp7InNpbmdsZV9saW5rIjoidXJsOmh0dHAlM0ElMkYlMkZ3d3cuc2VtaW5hci1tYXVsYnJvbm4uZGUlMkYlM0ZwYWdlX2lkJTNENzYxMTZ8fHwifSwiNzMxOTZfaSI6eyJzaW5nbGVfbGluayI6InVybDpodHRwJTNBJTJGJTJGd3d3LnNlbWluYXItbWF1bGJyb25uLmRlJTJGJTNGcGFnZV9pZCUzRDE3Mnx8fCJ9LCI3MzE4Nl9pIjp7InNpbmdsZV9saW5rIjoidXJsOmh0dHAlM0ElMkYlMkZ3d3cuc2VtaW5hci1tYXVsYnJvbm4uZGUlMkYlM0ZwYWdlX2lkJTNENzY1MTN8fHwifSwiMjZfaSI6eyJzaW5nbGVfbGluayI6InVybDolMkZpbmRleC5waHAlMkZha3R1ZWxsZXMlMkZ8fHwiLCJzaW5nbGVfbGF5b3V0X21lZGlhX2l0ZW1zIjoibWVkaWF8Y3VzdG9tX2xpbmt8b3JpZ2luYWwsdGl0bGUiLCJzaW5nbGVfdGl0bGVfd2VpZ2h0IjoiIn0sIjI1X2kiOnsic2luZ2xlX2xpbmsiOiJ1cmw6JTJGaW5kZXgucGhwJTJGc2NobnVwcGVybiUyRnx8fCIsInNpbmdsZV90aXRsZV93ZWlnaHQiOiIifSwiMjBfaSI6eyJzaW5nbGVfbGluayI6InVybDpodHRwcyUzQSUyRiUyRnNlbWluYXItYmxhdWJldXJlbi5kZSUyRmluZGV4LnBocCUyRmNhbGVuZGFyJTJGfHRpdGxlOkthbGVuZGVyIiwic2luZ2xlX2xheW91dF9tZWRpYV9pdGVtcyI6Im1lZGlhfGN1c3RvbV9saW5rfG9yaWdpbmFsLHRpdGxlIiwic2luZ2xlX3RpdGxlX3dlaWdodCI6IiJ9LCIxMjcyX2kiOnsic2luZ2xlX2xheW91dF9tZWRpYV9pdGVtcyI6Im1lZGlhfGN1c3RvbV9saW5rfG9yaWdpbmFsLHRpdGxlIiwic2luZ2xlX2xpbmsiOiJ1cmw6aHR0cHMlM0ElMkYlMkZ3d3cueW91dHViZS5jb20lMkZ3YXRjaCUzRnYlM0RLd2huVXhCUHMyUXx0aXRsZTpVbnNlciUyMFZpZGVvJTNBJTIwRW50ZGVja2UlMjBEZWluZSUyMFRhbGVudGUlMjB8dGFyZ2V0OiUyMF9ibGFua3wiLCJzaW5nbGVfdGl0bGVfd2VpZ2h0IjoiIn0sIjc3ODA0X2kiOnsic2luZ2xlX3RpdGxlX3dlaWdodCI6IiIsInNpbmdsZV9saW5rIjoidXJsOmh0dHBzJTNBJTJGJTJGd3d3LnNlbWluYXItYmxhdWJldXJlbi5kZSUyRmluZGV4LnBocCUyRmFrdHVlbGxlcyUyRnx0aXRsZTpBa3R1ZWxsZXMifSwiNzc4MTNfaSI6eyJzaW5nbGVfdGl0bGVfd2VpZ2h0IjoiIiwic2luZ2xlX2xpbmsiOiJ1cmw6aHR0cHMlM0ElMkYlMkZ3d3cuc2VtaW5hci1ibGF1YmV1cmVuLmRlJTJGaW5kZXgucGhwJTJGc2VtaS13ZXJkZW4lMkZzY2hudXBwZXJuJTJGfHRpdGxlOlNjaG51cHBlcm4ifX0=&#8220; uncode_shortcode_id=&#8220;179600&#8243; gallery_back_color_type=&#8220;uncode-palette&#8220;][\/vc_column_inner][\/vc_row_inner][\/vc_column][\/vc_row][vc_row unlock_row_content=&#8220;yes&#8220; row_height_percent=&#8220;0&#8243; override_padding=&#8220;yes&#8220; h_padding=&#8220;2&#8243; top_padding=&#8220;0&#8243; bottom_padding=&#8220;0&#8243; back_color=&#8220;color-dfgh&#8220; overlay_alpha=&#8220;50&#8243; equal_height=&#8220;yes&#8220; gutter_size=&#8220;3&#8243; column_width_percent=&#8220;90&#8243; shift_y=&#8220;0&#8243; z_index=&#8220;0&#8243;][vc_column column_width_percent=&#8220;100&#8243; gutter_size=&#8220;3&#8243; overlay_alpha=&#8220;50&#8243; shift_x=&#8220;0&#8243; shift_y=&#8220;0&#8243; shift_y_down=&#8220;0&#8243; z_index=&#8220;0&#8243; medium_width=&#8220;0&#8243; mobile_width=&#8220;0&#8243; width=&#8220;1\/1&#8243;][vc_row_inner row_inner_height_percent=&#8220;0&#8243; overlay_alpha=&#8220;50&#8243; equal_height=&#8220;yes&#8220; gutter_size=&#8220;4&#8243; shift_y=&#8220;0&#8243; z_index=&#8220;0&#8243; limit_content=&#8220;&#8220;][vc_column_inner column_width_percent=&#8220;100&#8243; gutter_size=&#8220;4&#8243; style=&#8220;dark&#8220; overlay_alpha=&#8220;50&#8243; shift_x=&#8220;0&#8243; shift_y=&#8220;0&#8243; shift_y_down=&#8220;0&#8243; z_index=&#8220;0&#8243; medium_width=&#8220;0&#8243; mobile_width=&#8220;0&#8243; sticky=&#8220;yes&#8220; width=&#8220;1\/2&#8243;][vc_gallery el_id=&#8220;gallery-844505&#8243; medias=&#8220;23,31,17,30&#8243; style_preset=&#8220;metro&#8220; gallery_back_color=&#8220;color-iopl&#8220; gutter_size=&#8220;0&#8243; media_items=&#8220;media|custom_link|original,title&#8220; screen_lg=&#8220;1000&#8243; screen_md=&#8220;600&#8243; screen_sm=&#8220;480&#8243; single_width=&#8220;3&#8243; single_height=&#8220;3&#8243; single_back_color=&#8220;accent&#8220; single_overlay_color=&#8220;color-iopl&#8220; single_overlay_opacity=&#8220;60&#8243; single_overlay_visible=&#8220;yes&#8220; single_text_visible=&#8220;yes&#8220; single_h_align=&#8220;center&#8220; single_padding=&#8220;2&#8243; single_title_family=&#8220;font-377884&#8243; single_title_dimension=&#8220;h4&#8243; single_title_weight=&#8220;800&#8243; single_title_transform=&#8220;uppercase&#8220; single_border=&#8220;yes&#8220; single_css_animation=&#8220;zoom-out&#8220; items=&#8220;eyI3MzIyMl9pIjp7InNpbmdsZV9wYWRkaW5nIjoiMSIsInNpbmdsZV9saW5rIjoidXJsOmh0dHAlM0ElMkYlMkZ3d3cuc2VtaW5hci1tYXVsYnJvbm4uZGUlMkZzY2h1bGUlMkZzY2h1bGUtMi0yLTMtMi0yJTJGfHx8In0sIjczMjAxX2kiOnsic2luZ2xlX2xpbmsiOiJ1cmw6aHR0cCUzQSUyRiUyRm1hdWxicm9ubi53ZWJkZXYuYWNlcy1vbmxpbmUuZGUlMkYlM0Zwb3J0Zm9saW8lM0RncmllY2hpc2NofHx8In0sIjczMjAyX2kiOnsic2luZ2xlX2xpbmsiOiJ1cmw6aHR0cCUzQSUyRiUyRm1hdWxicm9ubi53ZWJkZXYuYWNlcy1vbmxpbmUuZGUlMkYlM0ZwJTNEOTA1fHx8In0sIjczMjY0X2kiOnsic2luZ2xlX2xpbmsiOiJ1cmw6aHR0cCUzQSUyRiUyRm1hdWxicm9ubi53ZWJkZXYuYWNlcy1vbmxpbmUuZGUlMkYlM0ZwYWdlX2lkJTNENzYzODN8fHwifSwiNDI4X2kiOnsic2luZ2xlX2xpbmsiOiJ1cmw6aHR0cCUzQSUyRiUyRmJsYXViZXVyZW4ud2ViZGV2LmFjZXMtb25saW5lLmRlJTJGaW5kZXgucGhwJTJGcGVyc29lbmxpY2hrZWl0LXVuZC1zY2h3ZXJwdW5rdGUlMkZ8fHwifSwiMjNfaSI6eyJzaW5nbGVfdGl0bGVfZGltZW5zaW9uIjoiaDQiLCJzaW5nbGVfdGl0bGVfd2VpZ2h0IjoiIiwic2luZ2xlX2xpbmsiOiJ1cmw6aHR0cHMlM0ElMkYlMkZzZW1pbmFyLWJsYXViZXVyZW4uZGUlMkZpbmRleC5waHAlMkZzY2h1bGUlMkZzY2h3ZXJwdW5rdGUlMkZnbGF1YmUtdW5kLXdlbHQlMkZ8dGl0bGU6R2xhdWJlJTIwdW5kJTIwV2VsdCJ9LCIzMV9pIjp7InNpbmdsZV90aXRsZV93ZWlnaHQiOiIiLCJzaW5nbGVfbGluayI6InVybDpodHRwcyUzQSUyRiUyRnNlbWluYXItYmxhdWJldXJlbi5kZSUyRmluZGV4LnBocCUyRnNjaHVsZSUyRnNjaHdlcnB1bmt0ZSUyRm11c2lrLXVuZC1rdWx0dXIlMkZ8dGl0bGU6TXVzaWslMjB1bmQlMjBLdWx0dXIifSwiMTdfaSI6eyJzaW5nbGVfdGl0bGVfd2VpZ2h0IjoiIiwic2luZ2xlX2xpbmsiOiJ1cmw6aHR0cHMlM0ElMkYlMkZzZW1pbmFyLWJsYXViZXVyZW4uZGUlMkZpbmRleC5waHAlMkZzY2h1bGUlMkZzY2h3ZXJwdW5rdGUlMkZhbHRlLXVuZC1uZXVlLXNwcmFjaGVuJTJGfHRpdGxlOkFsdGUlMjB1bmQlMjBOZXVlJTIwU3ByYWNoZW4ifSwiMzBfaSI6eyJzaW5nbGVfdGl0bGVfd2VpZ2h0IjoiIiwic2luZ2xlX2xpbmsiOiJ1cmw6aHR0cHMlM0ElMkYlMkZzZW1pbmFyLWJsYXViZXVyZW4uZGUlMkZpbmRleC5waHAlMkZzY2h1bGUlMkZzY2h3ZXJwdW5rdGUlMkZwZXJzb2VubGljaGtlaXQtdW5kLXNjaHdlcnB1bmt0ZSUyRnx0aXRsZTpQZXJzJUMzJUI2bmxpY2hrZWl0JTIwdW5kJTIwV2VydGUifX0=&#8220; uncode_shortcode_id=&#8220;116249&#8243; gallery_back_color_type=&#8220;uncode-palette&#8220;][\/vc_column_inner][vc_column_inner column_width_percent=&#8220;100&#8243; gutter_size=&#8220;4&#8243; style=&#8220;dark&#8220; overlay_alpha=&#8220;50&#8243; shift_x=&#8220;0&#8243; shift_y=&#8220;0&#8243; shift_y_down=&#8220;0&#8243; z_index=&#8220;0&#8243; medium_width=&#8220;0&#8243; mobile_width=&#8220;0&#8243; width=&#8220;1\/2&#8243; css=&#8220;.vc_custom_1521020707681{padding-top: 20px !important;}&#8220;][vc_custom_heading text_color=&#8220;color-xsdn&#8220; heading_semantic=&#8220;h1&#8243; text_size=&#8220;h1&#8243; text_weight=&#8220;100&#8243;]<\/p>\n<h1>\u00dcBER UNSERE<\/h1>\n<h1><strong>SCHWERPUNKTE<\/strong><\/h1>\n<p>[\/vc_custom_heading][vc_column_text css=&#8220;.vc_custom_1552557830804{padding-top: 20px !important;}&#8220;]F\u00fcr Dein musikalisches Talent, Dein Gesp\u00fcr f\u00fcr Sprachen und Dein Interesse an theologischen Fragen findest Du hier die optimale F\u00f6rderung und viel Raum zur Entfaltung.<\/p>\n<p>Das Seminar Blaubeuren nimmt evangelische Sch\u00fclerinnen und Sch\u00fcler ab Klasse 9 auf, auch ein &#8222;Quereinstieg&#8220; in die h\u00f6heren Klassen ist m\u00f6glich. Pro Jahrgang k\u00f6nnen auch einzelne nicht-evangelische, christliche Sch\u00fclerinnen und Sch\u00fcler aufgenommen werden.[\/vc_column_text][\/vc_column_inner][\/vc_row_inner][\/vc_column][\/vc_row][vc_row][vc_column width=&#8220;1\/1&#8243;][vc_raw_html]JTNDaWZyYW1lJTIwd2lkdGglM0QlMjI4NjQlMjIlMjBoZWlnaHQlM0QlMjI0ODYlMjIlMjBzcmMlM0QlMjJodHRwcyUzQSUyRiUyRnd3dy55b3V0dWJlLW5vY29va2llLmNvbSUyRmVtYmVkJTJGVWdFU0pUaWRyUVElMjIlMjB0aXRsZSUzRCUyMllvdVR1YmUlMjB2aWRlbyUyMHBsYXllciUyMiUyMGZyYW1lYm9yZGVyJTNEJTIyMCUyMiUyMGFsbG93JTNEJTIyYWNjZWxlcm9tZXRlciUzQiUyMGF1dG9wbGF5JTNCJTIwY2xpcGJvYXJkLXdyaXRlJTNCJTIwZW5jcnlwdGVkLW1lZGlhJTNCJTIwZ3lyb3Njb3BlJTNCJTIwcGljdHVyZS1pbi1waWN0dXJlJTIyJTIwYWxsb3dmdWxsc2NyZWVuJTNFJTNDJTJGaWZyYW1lJTNF[\/vc_raw_html][\/vc_column][\/vc_row][vc_row row_height_percent=&#8220;0&#8243; override_padding=&#8220;yes&#8220; h_padding=&#8220;2&#8243; top_padding=&#8220;0&#8243; bottom_padding=&#8220;0&#8243; back_color=&#8220;color-iopl&#8220; overlay_alpha=&#8220;50&#8243; gutter_size=&#8220;3&#8243; column_width_percent=&#8220;90&#8243; shift_y=&#8220;0&#8243; z_index=&#8220;0&#8243;][vc_column column_width_percent=&#8220;100&#8243; gutter_size=&#8220;3&#8243; overlay_alpha=&#8220;50&#8243; shift_x=&#8220;0&#8243; shift_y=&#8220;0&#8243; shift_y_down=&#8220;0&#8243; z_index=&#8220;0&#8243; medium_width=&#8220;0&#8243; mobile_width=&#8220;0&#8243; width=&#8220;3\/6&#8243;][vc_row_inner row_inner_height_percent=&#8220;0&#8243; overlay_alpha=&#8220;50&#8243; equal_height=&#8220;yes&#8220; gutter_size=&#8220;2&#8243; shift_y=&#8220;0&#8243; z_index=&#8220;0&#8243; limit_content=&#8220;&#8220;][vc_column_inner column_width_percent=&#8220;100&#8243; position_vertical=&#8220;middle&#8220; align_horizontal=&#8220;align_center&#8220; gutter_size=&#8220;4&#8243; style=&#8220;dark&#8220; overlay_alpha=&#8220;50&#8243; shift_x=&#8220;0&#8243; shift_y=&#8220;0&#8243; shift_y_down=&#8220;0&#8243; z_index=&#8220;0&#8243; medium_width=&#8220;0&#8243; mobile_width=&#8220;0&#8243; width=&#8220;1\/2&#8243;][vc_custom_heading text_color=&#8220;color-xsdn&#8220; heading_semantic=&#8220;h1&#8243; text_size=&#8220;h1&#8243; text_weight=&#8220;100&#8243;]<\/p>\n<h1><strong>FOLGEN\u00a0<\/strong><\/h1>\n<h1>SIE UNS!<\/h1>\n<p>[\/vc_custom_heading][\/vc_column_inner][\/vc_row_inner][\/vc_column][vc_column column_width_percent=&#8220;100&#8243; position_vertical=&#8220;middle&#8220; gutter_size=&#8220;3&#8243; overlay_alpha=&#8220;50&#8243; shift_x=&#8220;0&#8243; shift_y=&#8220;0&#8243; shift_y_down=&#8220;0&#8243; z_index=&#8220;0&#8243; medium_width=&#8220;0&#8243; mobile_width=&#8220;0&#8243; width=&#8220;1\/6&#8243;][vc_icon icon=&#8220;fa fa-instagram&#8220; icon_color=&#8220;color-xsdn&#8220; size=&#8220;fa-5x&#8220; link=&#8220;url:https%3A%2F%2Fwww.instagram.com%2Fseminarblaubeuren%2F%3Fhl%3Dde||target:%20_blank|&#8220;][\/vc_icon][\/vc_column][vc_column column_width_percent=&#8220;100&#8243; position_vertical=&#8220;middle&#8220; gutter_size=&#8220;3&#8243; overlay_alpha=&#8220;50&#8243; shift_x=&#8220;0&#8243; shift_y=&#8220;0&#8243; shift_y_down=&#8220;0&#8243; z_index=&#8220;0&#8243; medium_width=&#8220;0&#8243; mobile_width=&#8220;0&#8243; width=&#8220;1\/6&#8243;][vc_icon icon=&#8220;fa fa-facebook&#8220; icon_color=&#8220;color-xsdn&#8220; size=&#8220;fa-5x&#8220; link=&#8220;url:https%3A%2F%2Fwww.facebook.com%2Fseminarblaubeuren%2F||target:%20_blank|&#8220;][\/vc_icon][\/vc_column][vc_column column_width_percent=&#8220;100&#8243; position_vertical=&#8220;middle&#8220; gutter_size=&#8220;3&#8243; overlay_alpha=&#8220;50&#8243; shift_x=&#8220;0&#8243; shift_y=&#8220;0&#8243; shift_y_down=&#8220;0&#8243; z_index=&#8220;0&#8243; medium_width=&#8220;0&#8243; mobile_width=&#8220;0&#8243; width=&#8220;1\/6&#8243;][vc_icon icon=&#8220;fa fa-youtube-play&#8220; icon_color=&#8220;color-xsdn&#8220; size=&#8220;fa-5x&#8220; link=&#8220;url:https%3A%2F%2Fwww.youtube.com%2Fchannel%2FUCOz1M2FItHgk1edo9i3vrcQ%3Fview_as%3Dsubscriber||target:%20_blank|&#8220;][\/vc_icon][\/vc_column][\/vc_row][vc_row][vc_column width=&#8220;1\/1&#8243;][\/vc_column][\/vc_row][vc_row row_height_percent=&#8220;45&#8243; override_padding=&#8220;yes&#8220; h_padding=&#8220;2&#8243; top_padding=&#8220;4&#8243; bottom_padding=&#8220;4&#8243; back_image=&#8220;77829&#8243; overlay_alpha=&#8220;40&#8243; gutter_size=&#8220;3&#8243; column_width_percent=&#8220;100&#8243; shift_y=&#8220;0&#8243; z_index=&#8220;0&#8243; uncode_shortcode_id=&#8220;543064&#8243;][vc_column column_width_percent=&#8220;100&#8243; position_horizontal=&#8220;left&#8220; position_vertical=&#8220;middle&#8220; gutter_size=&#8220;3&#8243; override_padding=&#8220;yes&#8220; column_padding=&#8220;3&#8243; overlay_color=&#8220;color-xsdn&#8220; overlay_alpha=&#8220;50&#8243; shift_x=&#8220;0&#8243; shift_y=&#8220;0&#8243; shift_y_down=&#8220;0&#8243; z_index=&#8220;0&#8243; medium_width=&#8220;0&#8243; mobile_width=&#8220;0&#8243; css_animation=&#8220;right-t-left&#8220; animation_delay=&#8220;400&#8243; width=&#8220;1\/2&#8243;][vc_custom_heading text_color=&#8220;color-jevc&#8220; heading_semantic=&#8220;p&#8220; text_size=&#8220;h4&#8243; text_weight=&#8220;200&#8243; text_italic=&#8220;yes&#8220;]&#8220;<em>Ein weiterer Punkt ist die Gemeinschaft: Sie dient als gro\u00dfe Hilfe, wenn es darum geht, seine Freizeit so interessant wie m\u00f6glich zu gestalten. Gerade wenn man einmal nicht wei\u00df, was man mit sich anfangen soll, ist es eine gro\u00dfe Hilfe, wenn man jemanden um sich herum hat.<\/em>&#8222;[\/vc_custom_heading][\/vc_column][vc_column column_width_percent=&#8220;100&#8243; gutter_size=&#8220;3&#8243; overlay_alpha=&#8220;50&#8243; shift_x=&#8220;0&#8243; shift_y=&#8220;0&#8243; shift_y_down=&#8220;0&#8243; z_index=&#8220;0&#8243; medium_visibility=&#8220;yes&#8220; medium_width=&#8220;0&#8243; mobile_visibility=&#8220;yes&#8220; mobile_width=&#8220;0&#8243; width=&#8220;1\/2&#8243;][\/vc_column][\/vc_row][vc_row unlock_row_content=&#8220;yes&#8220; row_height_percent=&#8220;0&#8243; override_padding=&#8220;yes&#8220; h_padding=&#8220;2&#8243; top_padding=&#8220;3&#8243; bottom_padding=&#8220;3&#8243; back_color=&#8220;color-dfgh&#8220; overlay_alpha=&#8220;50&#8243; gutter_size=&#8220;3&#8243; column_width_percent=&#8220;100&#8243; shift_y=&#8220;0&#8243; z_index=&#8220;1&#8243;][vc_column column_width_percent=&#8220;100&#8243; gutter_size=&#8220;3&#8243; style=&#8220;dark&#8220; overlay_alpha=&#8220;50&#8243; shift_x=&#8220;0&#8243; shift_y=&#8220;0&#8243; shift_y_down=&#8220;0&#8243; z_index=&#8220;0&#8243; medium_width=&#8220;0&#8243; mobile_width=&#8220;0&#8243; width=&#8220;1\/1&#8243;][vc_custom_heading text_color=&#8220;color-xsdn&#8220; heading_semantic=&#8220;h1&#8243; text_size=&#8220;h1&#8243; text_weight=&#8220;100&#8243; uncode_shortcode_id=&#8220;192823&#8243; text_color_type=&#8220;uncode-palette&#8220;]<\/p>\n<h1>UNSERE\u00a0<strong>LEHRENDEN UND MITARBEITER<\/strong><\/h1>\n<p>[\/vc_custom_heading][vc_gallery el_id=&#8220;gallery-291407&#8243; type=&#8220;carousel&#8220; medias=&#8220;77759,50,49,48,47,73861,45,41,75964,79196,43,76730,76732,78377,73862,77162,39,34,33,32,78938,79051&#8243; explode_albums=&#8220;yes&#8220; carousel_lg=&#8220;5&#8243; carousel_md=&#8220;2&#8243; carousel_sm=&#8220;1&#8243; thumb_size=&#8220;two-three&#8220; gutter_size=&#8220;3&#8243; media_items=&#8220;media|lightbox|original,description&#8220; carousel_height=&#8220;equal&#8220; carousel_autoh=&#8220;yes&#8220; carousel_interval=&#8220;3000&#8243; carousel_navspeed=&#8220;400&#8243; carousel_loop=&#8220;yes&#8220; carousel_overflow=&#8220;yes&#8220; carousel_dots=&#8220;yes&#8220; carousel_dots_mobile=&#8220;yes&#8220; stage_padding=&#8220;0&#8243; single_overlay_color=&#8220;color-dfgh&#8220; single_overlay_opacity=&#8220;80&#8243; single_h_align=&#8220;center&#8220; single_padding=&#8220;1&#8243; single_title_dimension=&#8220;h2&#8243; single_title_weight=&#8220;300&#8243; single_border=&#8220;yes&#8220; single_css_animation=&#8220;zoom-out&#8220; lbox_skin=&#8220;white&#8220; lbox_title=&#8220;yes&#8220; uncode_shortcode_id=&#8220;196044&#8243;][\/vc_column][\/vc_row]<\/p>\n<\/div>","protected":false},"excerpt":{"rendered":"<p>[vc_row][vc_column width=&#8220;1\/1&#8243;][vc_row_inner][vc_column_inner width=&#8220;1\/2&#8243;][\/vc_column_inner][vc_column_inner width=&#8220;1\/2&#8243;][\/vc_column_inner][\/vc_row_inner][\/vc_column][\/vc_row][vc_row unlock_row_content=&#8220;yes&#8220; row_height_percent=&#8220;0&#8243; override_padding=&#8220;yes&#8220; h_padding=&#8220;2&#8243; top_padding=&#8220;0&#8243; bottom_padding=&#8220;0&#8243; back_color=&#8220;accent&#8220; overlay_alpha=&#8220;50&#8243; equal_height=&#8220;yes&#8220; gutter_size=&#8220;3&#8243; column_width_percent=&#8220;90&#8243; shift_y=&#8220;0&#8243; z_index=&#8220;0&#8243;][vc_column column_width_percent=&#8220;100&#8243; gutter_size=&#8220;3&#8243; overlay_alpha=&#8220;50&#8243; [&hellip;]<\/p>\n","protected":false},"author":1,"featured_media":0,"parent":0,"menu_order":38,"comment_status":"closed","ping_status":"closed","template":"","meta":{"footnotes":""},"class_list":["post-9","page","type-page","status-publish","hentry"],"_links":{"self":[{"href":"https:\/\/seminar-blaubeuren.de\/index.php\/wp-json\/wp\/v2\/pages\/9","targetHints":{"allow":["GET"]}}],"collection":[{"href":"https:\/\/seminar-blaubeuren.de\/index.php\/wp-json\/wp\/v2\/pages"}],"about":[{"href":"https:\/\/seminar-blaubeuren.de\/index.php\/wp-json\/wp\/v2\/types\/page"}],"author":[{"embeddable":true,"href":"https:\/\/seminar-blaubeuren.de\/index.php\/wp-json\/wp\/v2\/users\/1"}],"replies":[{"embeddable":true,"href":"https:\/\/seminar-blaubeuren.de\/index.php\/wp-json\/wp\/v2\/comments?post=9"}],"version-history":[{"count":267,"href":"https:\/\/seminar-blaubeuren.de\/index.php\/wp-json\/wp\/v2\/pages\/9\/revisions"}],"predecessor-version":[{"id":79436,"href":"https:\/\/seminar-blaubeuren.de\/index.php\/wp-json\/wp\/v2\/pages\/9\/revisions\/79436"}],"wp:attachment":[{"href":"https:\/\/seminar-blaubeuren.de\/index.php\/wp-json\/wp\/v2\/media?parent=9"}],"curies":[{"name":"wp","href":"https:\/\/api.w.org\/{rel}","templated":true}]}}