{"id":77856,"date":"2022-03-18T09:46:51","date_gmt":"2022-03-18T08:46:51","guid":{"rendered":"https:\/\/www.seminar-blaubeuren.de\/?page_id=77856"},"modified":"2025-12-02T11:16:14","modified_gmt":"2025-12-02T10:16:14","slug":"kursstufe","status":"publish","type":"page","link":"https:\/\/seminar-blaubeuren.de\/index.php\/schule\/kursstufe\/","title":{"rendered":"Kursstufe"},"content":{"rendered":"<div class=\"wpb-content-wrapper\"><p>[vc_row][vc_column width=&#8220;1\/1&#8243;][vc_custom_heading uncode_shortcode_id=&#8220;109255&#8243;]<\/p>\n<h3>Die Kursstufe am Evangelischen Seminar<\/h3>\n<p>[\/vc_custom_heading][vc_column_text uncode_shortcode_id=&#8220;121143&#8243;]<\/p>\n<h4>Kleine Schule, gro\u00dfe Auswahl<\/h4>\n<p>In der Kursstufe kooperiert das Seminar mit dem Blaubeurer Joachim-Hahn-Gymnasium (<a href=\"https:\/\/www.jhg-blaubeuren.de\/\">https:\/\/www.jhg-blaubeuren.de\/<\/a>). Dadurch k\u00f6nnen wir den Seminaristinnen und Seminaristen eine gro\u00dfe Vielfalt an F\u00e4chern anbieten. Nat\u00fcrlich haben unsere Sch\u00fclerinnen und Sch\u00fcler dadurch in der 11. und 12. Klasse auch Unterricht bei Kolleginnen und Kollegen des Joachim-Hahn-Gymnasiums.<\/p>\n<h4>Klares Profil bis zum Abitur<\/h4>\n<p>Nicht nur durch den Internatsalltag, die Arbeitsgemeinschaften und die Exkursionen, die uns ausmachen, sind unsere Sch\u00fclerinnen und Sch\u00fcler auch in der Kursstufe 100% \u201eSemi\u201c: Auch schulisch bleibt das Seminar als Bildungsort bis zum Abitur besonders. Alle Abiturientinnen und Abiturienten sind verpflichtet, eines der folgenden F\u00e4cher als Leistungsfach zu belegen:<\/p>\n<p><strong>Griechisch, Latein, Musik, Religion<\/strong><\/p>\n<p>Alternativ kann Hebr\u00e4isch als vierst\u00fcndiger Kurs in Klasse 11 und 12 gew\u00e4hlt werden. Es kommt nat\u00fcrlich auch vor, dass Semis von sich aus zwei unserer sogenannten S\u00e4ulenf\u00e4cher belegen.<\/p>\n<p>In Klasse 11 wird jedes Jahr ein Seminarkurs angeboten: Er vereinigt unterschiedliche Themen und verschiedene wissenschaftliche Disziplinen.[\/vc_column_text][\/vc_column][\/vc_row]<\/p>\n<\/div>","protected":false},"excerpt":{"rendered":"<p>[vc_row][vc_column width=&#8220;1\/1&#8243;][vc_custom_heading uncode_shortcode_id=&#8220;109255&#8243;] Die Kursstufe am Evangelischen Seminar [\/vc_custom_heading][vc_column_text uncode_shortcode_id=&#8220;121143&#8243;] Kleine Schule, gro\u00dfe Auswahl In der Kursstufe kooperiert das Seminar [&hellip;]<\/p>\n","protected":false},"author":5,"featured_media":0,"parent":163,"menu_order":33,"comment_status":"closed","ping_status":"closed","template":"","meta":{"footnotes":""},"class_list":["post-77856","page","type-page","status-publish","hentry"],"_links":{"self":[{"href":"https:\/\/seminar-blaubeuren.de\/index.php\/wp-json\/wp\/v2\/pages\/77856","targetHints":{"allow":["GET"]}}],"collection":[{"href":"https:\/\/seminar-blaubeuren.de\/index.php\/wp-json\/wp\/v2\/pages"}],"about":[{"href":"https:\/\/seminar-blaubeuren.de\/index.php\/wp-json\/wp\/v2\/types\/page"}],"author":[{"embeddable":true,"href":"https:\/\/seminar-blaubeuren.de\/index.php\/wp-json\/wp\/v2\/users\/5"}],"replies":[{"embeddable":true,"href":"https:\/\/seminar-blaubeuren.de\/index.php\/wp-json\/wp\/v2\/comments?post=77856"}],"version-history":[{"count":1,"href":"https:\/\/seminar-blaubeuren.de\/index.php\/wp-json\/wp\/v2\/pages\/77856\/revisions"}],"predecessor-version":[{"id":77857,"href":"https:\/\/seminar-blaubeuren.de\/index.php\/wp-json\/wp\/v2\/pages\/77856\/revisions\/77857"}],"up":[{"embeddable":true,"href":"https:\/\/seminar-blaubeuren.de\/index.php\/wp-json\/wp\/v2\/pages\/163"}],"wp:attachment":[{"href":"https:\/\/seminar-blaubeuren.de\/index.php\/wp-json\/wp\/v2\/media?parent=77856"}],"curies":[{"name":"wp","href":"https:\/\/api.w.org\/{rel}","templated":true}]}}