{"id":75863,"date":"2019-10-11T12:21:58","date_gmt":"2019-10-11T10:21:58","guid":{"rendered":"http:\/\/www.seminar-blaubeuren.de\/?page_id=75863"},"modified":"2025-12-02T11:16:14","modified_gmt":"2025-12-02T10:16:14","slug":"kontakt","status":"publish","type":"page","link":"https:\/\/seminar-blaubeuren.de\/index.php\/kontakt\/","title":{"rendered":"KONTAKT"},"content":{"rendered":"<div class=\"wpb-content-wrapper\"><p>[vc_row][vc_column][vc_column_text]<\/p>\n<div class=\"uncoltable\">\n<div class=\"uncell boomapps_vccolumn no-block-padding\">\n<div class=\"uncont\">\n<div class=\"uncode_text_column\">\n<h2>Evangelisches Seminar Blaubeuren<\/h2>\n<p>Ephorus Jochen Sch\u00e4ffler<\/p>\n<p>Klosterhof 2<br \/>\n89143 Blaubeuren<br \/>\nTel: 07344 962610<br \/>\nFax: 07344 962696<\/p>\n<\/div>\n<p>sekretariat@seminar-blaubeuren.de<\/p>\n<\/div>\n<\/div>\n<\/div>\n<p>[\/vc_column_text][\/vc_column][\/vc_row][vc_row][vc_column width=&#8220;1\/1&#8243;][vc_single_image media=&#8220;74615&#8243; media_width_percent=&#8220;100&#8243;][\/vc_column][\/vc_row][vc_row][vc_column width=&#8220;1\/1&#8243;][vc_column_text]<strong>Haftungsausschluss:<\/strong><\/p>\n<p>Sollte der Inhalt oder die Aufmachung dieser Seite fremde Rechte Dritter oder gesetzliche Bestimmungen verletzen, so bitten wir um eine entsprechende Nachricht ohne Kostennote. Es wird garantiert, dass die zu Recht beanstandeten Passagen unverz\u00fcglich entfernt werden, ohne dass von Ihrer Seite die Einschaltung eines Rechtsbeistandes erforderlich ist. Das Seminar Blaubeuren ist f\u00fcr den Inhalt externer Links nicht verantwortlich. Bei Beschwerden wenden Sie sich bitte zun\u00e4chst an den Verantwortlichen dieser Website, Ephorus Jochen Sch\u00e4ffler.<\/p>\n<p>Diese Website wird von Lehrern und Sch\u00fclern des Evangelischen Seminars Blaubeuren gestaltet und betreut.[\/vc_column_text][\/vc_column][\/vc_row]<\/p>\n<\/div>","protected":false},"excerpt":{"rendered":"<p>[vc_row][vc_column][vc_column_text] Evangelisches Seminar Blaubeuren Ephorus Jochen Sch\u00e4ffler Klosterhof 2 89143 Blaubeuren Tel: 07344 962610 Fax: 07344 962696 sekretariat@seminar-blaubeuren.de [\/vc_column_text][\/vc_column][\/vc_row][vc_row][vc_column width=&#8220;1\/1&#8243;][vc_single_image [&hellip;]<\/p>\n","protected":false},"author":7,"featured_media":0,"parent":0,"menu_order":2,"comment_status":"closed","ping_status":"closed","template":"","meta":{"footnotes":""},"class_list":["post-75863","page","type-page","status-publish","hentry"],"_links":{"self":[{"href":"https:\/\/seminar-blaubeuren.de\/index.php\/wp-json\/wp\/v2\/pages\/75863","targetHints":{"allow":["GET"]}}],"collection":[{"href":"https:\/\/seminar-blaubeuren.de\/index.php\/wp-json\/wp\/v2\/pages"}],"about":[{"href":"https:\/\/seminar-blaubeuren.de\/index.php\/wp-json\/wp\/v2\/types\/page"}],"author":[{"embeddable":true,"href":"https:\/\/seminar-blaubeuren.de\/index.php\/wp-json\/wp\/v2\/users\/7"}],"replies":[{"embeddable":true,"href":"https:\/\/seminar-blaubeuren.de\/index.php\/wp-json\/wp\/v2\/comments?post=75863"}],"version-history":[{"count":7,"href":"https:\/\/seminar-blaubeuren.de\/index.php\/wp-json\/wp\/v2\/pages\/75863\/revisions"}],"predecessor-version":[{"id":77147,"href":"https:\/\/seminar-blaubeuren.de\/index.php\/wp-json\/wp\/v2\/pages\/75863\/revisions\/77147"}],"wp:attachment":[{"href":"https:\/\/seminar-blaubeuren.de\/index.php\/wp-json\/wp\/v2\/media?parent=75863"}],"curies":[{"name":"wp","href":"https:\/\/api.w.org\/{rel}","templated":true}]}}