{"id":73029,"date":"2018-07-09T15:28:07","date_gmt":"2018-07-09T13:28:07","guid":{"rendered":"http:\/\/seminar-blaubeuren.de\/?page_id=73029"},"modified":"2025-12-02T11:16:14","modified_gmt":"2025-12-02T10:16:14","slug":"impressum","status":"publish","type":"page","link":"https:\/\/seminar-blaubeuren.de\/index.php\/impressum\/","title":{"rendered":"Impressum"},"content":{"rendered":"<div class=\"wpb-content-wrapper\"><p>[vc_row][vc_column][vc_column_text uncode_shortcode_id=&#8220;144890&#8243;]<\/p>\n<div class=\"pos-top pos-center align_left column_parent col-lg-12 boomapps_vccolumn single-internal-gutter\">\n<div class=\"uncol style-light\">\n<div class=\"uncoltable\">\n<div class=\"uncell boomapps_vccolumn no-block-padding\">\n<div class=\"uncont\">\n<div class=\"uncode_text_column\">\n<div class=\"pos-top pos-center align_left column_parent col-lg-12 boomapps_vccolumn single-internal-gutter\">\n<div class=\"uncol style-light\">\n<div class=\"uncoltable\">\n<div class=\"uncell boomapps_vccolumn no-block-padding\">\n<div class=\"uncont\">\n<div class=\"uncode_text_column\">\n<p>Angaben gem\u00e4\u00df \u00a7 5 TMG:<br \/>\n<strong>Jochen Sch\u00e4ffler<\/strong><br \/>\nSchul- und Internatsleiter<br \/>\nKlosterhof 2<br \/>\n89143 Blaubeuren<\/p>\n<p><strong>Kontakt<\/strong>:<br \/>\nTelefon: +49 (0) 7344 962610<br \/>\nTelefax: +49 (0) 7344 962696<\/p>\n<p>E-Mail: <a href=\"mailto:ephorat@seminar-blaubeuren.de\">ephorat@seminar-blaubeuren.de<\/a><\/p>\n<p><strong>Datenschutzbeauftragter der Schule:<\/strong><\/p>\n<\/div>\n<p>Udo Brunnenmiller<\/p>\n<\/div>\n<div class=\"uncont\">Beh\u00f6rdlicher Datenschutzbauftragter f\u00fcr Schulen der Abteilung 7<\/div>\n<div class=\"uncont\">udo.brunnenmiller@rpt.bwl.de<\/div>\n<p class=\"uncont\"><strong>Bildernachweis:<\/strong><br \/>\nSeminar Blaubeuren, Andrea Morgenstern (Aktuelles, Semis unterwegs &#8230;), Reiner Pfisterer (Bilderserie Seminar), Birgit Thiemann (Klassenfotos und Lehrerfotos)<\/p>\n<div class=\"uncode_text_column\">\n<h5><strong>Streitschlichtung<\/strong><\/h5>\n<p>Wir sind nicht bereit oder verpflichtet, an Streitbeilegungsverfahren vor einer<br \/>\nVerbraucherschlichtungsstelle teilzunehmen.<\/p>\n<h5><strong>Haftung f\u00fcr Links<\/strong><\/h5>\n<p>Unser Angebot enth\u00e4lt Links zu externen Websites Dritter, auf deren Inhalte wir keinen Einfluss haben.<br \/>\nDeshalb k\u00f6nnen wir f\u00fcr diese fremden Inhalte auch keine Gew\u00e4hr \u00fcbernehmen. F\u00fcr die Inhalte der<br \/>\nverlinkten Seiten ist stets der jeweilige Anbieter oder Betreiber der Seiten verantwortlich. Die verlinkten<br \/>\nSeiten wurden zum Zeitpunkt der Verlinkung auf m\u00f6gliche Rechtsverst\u00f6\u00dfe \u00fcberpr\u00fcft. Rechtswidrige<br \/>\nInhalte waren zum Zeitpunkt der Verlinkung nicht erkennbar.<br \/>\nEine permanente inhaltliche Kontrolle der verlinkten Seiten ist jedoch ohne konkrete Anhaltspunkte einer<br \/>\nRechtsverletzung nicht zumutbar. Bei Bekanntwerden von Rechtsverletzungen werden wir derartige Links<br \/>\numgehend entfernen.<\/p>\n<h5><strong>Urheberrecht<\/strong><\/h5>\n<p>Die durch die Seitenbetreiber erstellten Inhalte und Werke auf diesen Seiten unterliegen dem deutschen<br \/>\nUrheberrecht. Die Vervielf\u00e4ltigung, Bearbeitung, Verbreitung und jede Art der Verwertung au\u00dferhalb der<br \/>\nGrenzen des Urheberrechtes bed\u00fcrfen der schriftlichen Zustimmung des jeweiligen Autors bzw.<br \/>\nErstellers. Downloads und Kopien dieser Seite sind nur f\u00fcr den privaten, nicht kommerziellen Gebrauch<br \/>\ngestattet.<br \/>\nSoweit die Inhalte auf dieser Seite nicht vom Betreiber erstellt wurden, werden die Urheberrechte Dritter<br \/>\nbeachtet. Insbesondere werden Inhalte Dritter als solche gekennzeichnet. Sollten Sie trotzdem auf eine<br \/>\nUrheberrechtsverletzung aufmerksam werden, bitten wir um einen entsprechenden Hinweis. Bei<br \/>\nBekanntwerden von Rechtsverletzungen werden wir derartige Inhalte umgehend entfernen.<\/p>\n<p><em>Quelle: <a href=\"http:\/\/www.e-recht24.de\" target=\"_blank\" rel=\"noopener noreferrer\">e-recht24.de<\/a><\/em><\/p>\n<\/div>\n<\/div>\n<\/div>\n<\/div>\n<\/div>\n<\/div>\n<\/div>\n<\/div>\n<\/div>\n<\/div>\n<\/div>\n<p>[\/vc_column_text][\/vc_column][\/vc_row]<\/p>\n<\/div>","protected":false},"excerpt":{"rendered":"<p>[vc_row][vc_column][vc_column_text uncode_shortcode_id=&#8220;144890&#8243;] Angaben gem\u00e4\u00df \u00a7 5 TMG: Jochen Sch\u00e4ffler Schul- und Internatsleiter Klosterhof 2 89143 Blaubeuren Kontakt: Telefon: +49 (0) [&hellip;]<\/p>\n","protected":false},"author":5,"featured_media":0,"parent":0,"menu_order":0,"comment_status":"closed","ping_status":"closed","template":"","meta":{"footnotes":""},"class_list":["post-73029","page","type-page","status-publish","hentry","page_category-aktuelles"],"_links":{"self":[{"href":"https:\/\/seminar-blaubeuren.de\/index.php\/wp-json\/wp\/v2\/pages\/73029","targetHints":{"allow":["GET"]}}],"collection":[{"href":"https:\/\/seminar-blaubeuren.de\/index.php\/wp-json\/wp\/v2\/pages"}],"about":[{"href":"https:\/\/seminar-blaubeuren.de\/index.php\/wp-json\/wp\/v2\/types\/page"}],"author":[{"embeddable":true,"href":"https:\/\/seminar-blaubeuren.de\/index.php\/wp-json\/wp\/v2\/users\/5"}],"replies":[{"embeddable":true,"href":"https:\/\/seminar-blaubeuren.de\/index.php\/wp-json\/wp\/v2\/comments?post=73029"}],"version-history":[{"count":13,"href":"https:\/\/seminar-blaubeuren.de\/index.php\/wp-json\/wp\/v2\/pages\/73029\/revisions"}],"predecessor-version":[{"id":78744,"href":"https:\/\/seminar-blaubeuren.de\/index.php\/wp-json\/wp\/v2\/pages\/73029\/revisions\/78744"}],"wp:attachment":[{"href":"https:\/\/seminar-blaubeuren.de\/index.php\/wp-json\/wp\/v2\/media?parent=73029"}],"curies":[{"name":"wp","href":"https:\/\/api.w.org\/{rel}","templated":true}]}}