{"id":169,"date":"2018-05-05T17:12:27","date_gmt":"2018-05-05T15:12:27","guid":{"rendered":"http:\/\/seminar-blaubeuren.de\/?page_id=169"},"modified":"2025-12-02T11:16:15","modified_gmt":"2025-12-02T10:16:15","slug":"kloster","status":"publish","type":"page","link":"https:\/\/seminar-blaubeuren.de\/index.php\/kloster\/","title":{"rendered":"Kloster"},"content":{"rendered":"<div class=\"wpb-content-wrapper\"><p>[vc_row][vc_column width=&#8220;1\/1&#8243;][vc_column_text]Glaube ist kraftvoller Motor \u2013 in Blaubeuren schuf er das Kloster, das eng mit der Entwicklung Blaubeurens verkn\u00fcpft ist. Und an den Ber\u00fchrungspunkten des kl\u00f6sterlichen und des weltlichen Lebens gibt es noch heute viel Interessantes und Wissenswertes zu entdecken. Das beginnt schon mit dem Durchschreiten des Klostertores: Hier herrschten und herrschen andere Regeln, die viele Menschen lange gepr\u00e4gt haben und im Evangelisch-Theologischen Seminar, einem altsprachlichen Gymnasium mit kirchlichem Internat, noch heute pr\u00e4gen. Die Atmosph\u00e4re ist vielleicht einen Hauch geistlicher, der Umgang eine Spur respektvoller &#8211; denn die Welt der M\u00f6nche birgt noch immer etwas Geheimnisvolles.<\/p>\n<p>Urspr\u00fcnglich sollte das Kloster auf der Alb gebaut werden, aber seine Stifter \u2013 drei Br\u00fcder: die Grafen Anselm und Hugo von T\u00fcbingen sowie Graf Sigiboto von Ruck \u2013 entschieden sich dann doch f\u00fcr das Gel\u00e4nde beim Blautopf, denn hier war die Wasserversorgung im \u00dcberfluss gesichert. 1085 war die Gr\u00fcndung, gelebt wurde nach den Regeln des Benediktinerordens.<\/p>\n<p>Im 14. und 15. Jahrhundert erlebte das Kloster wirtschaftlichen Niedergang und verfiel zusehends. Wieder war es ein Trio, das neues Wachstum einleitete: die \u00c4bte Ulrich Kundig, Heinrich III. Fabri und Gregorius R\u00f6sch. Ihr Wirken schaffte die Grundlage f\u00fcr den Umbau der Klosteranlage im sp\u00e4tgotischen Stil \u2013 verschont von gro\u00dfen Zerst\u00f6rungen pr\u00e4sentiert sie sich weitgehend noch heute so. Einzigartige Zeugen mittelalterlichen Wirkens sind Hochaltar und Chorgest\u00fchl, Kunstwerke europ\u00e4ischen Ranges, geschaffen von Bildhauern und Malern der Ulmer Schule.[\/vc_column_text][\/vc_column][\/vc_row]<\/p>\n<\/div>","protected":false},"excerpt":{"rendered":"<p>[vc_row][vc_column width=&#8220;1\/1&#8243;][vc_column_text]Glaube ist kraftvoller Motor \u2013 in Blaubeuren schuf er das Kloster, das eng mit der Entwicklung Blaubeurens verkn\u00fcpft ist. [&hellip;]<\/p>\n","protected":false},"author":5,"featured_media":0,"parent":0,"menu_order":81,"comment_status":"closed","ping_status":"closed","template":"","meta":{"footnotes":""},"class_list":["post-169","page","type-page","status-publish","hentry","page_category-kloster"],"_links":{"self":[{"href":"https:\/\/seminar-blaubeuren.de\/index.php\/wp-json\/wp\/v2\/pages\/169","targetHints":{"allow":["GET"]}}],"collection":[{"href":"https:\/\/seminar-blaubeuren.de\/index.php\/wp-json\/wp\/v2\/pages"}],"about":[{"href":"https:\/\/seminar-blaubeuren.de\/index.php\/wp-json\/wp\/v2\/types\/page"}],"author":[{"embeddable":true,"href":"https:\/\/seminar-blaubeuren.de\/index.php\/wp-json\/wp\/v2\/users\/5"}],"replies":[{"embeddable":true,"href":"https:\/\/seminar-blaubeuren.de\/index.php\/wp-json\/wp\/v2\/comments?post=169"}],"version-history":[{"count":3,"href":"https:\/\/seminar-blaubeuren.de\/index.php\/wp-json\/wp\/v2\/pages\/169\/revisions"}],"predecessor-version":[{"id":74476,"href":"https:\/\/seminar-blaubeuren.de\/index.php\/wp-json\/wp\/v2\/pages\/169\/revisions\/74476"}],"wp:attachment":[{"href":"https:\/\/seminar-blaubeuren.de\/index.php\/wp-json\/wp\/v2\/media?parent=169"}],"curies":[{"name":"wp","href":"https:\/\/api.w.org\/{rel}","templated":true}]}}