{"id":167,"date":"2018-05-05T17:11:41","date_gmt":"2018-05-05T15:11:41","guid":{"rendered":"http:\/\/seminar-blaubeuren.de\/?page_id=167"},"modified":"2025-12-02T11:16:15","modified_gmt":"2025-12-02T10:16:15","slug":"menschen","status":"publish","type":"page","link":"https:\/\/seminar-blaubeuren.de\/index.php\/menschen\/","title":{"rendered":"Menschen"},"content":{"rendered":"<div class=\"wpb-content-wrapper\"><p>[vc_row][vc_column width=&#8220;1\/1&#8243;][vc_custom_heading]<strong>Warum Menschen am Seminar so wichtig sind<br \/>\n<\/strong>[\/vc_custom_heading][vc_column_text]&#8220;Die Lehrer am Seminar sind mehr als einfach nur Lehrer, diese Menschen haben den Erziehungsauftrag von unseren Eltern \u00fcbertragen bekommen. F\u00fcr mich sind die Lehrer nur Lehrer im Unterricht, au\u00dferhalb der Schule ist das Verh\u00e4ltnis eher wie mit einem begleitenden Coach oder einem Betreuer. Durch den st\u00e4ndigen Kontakt wissen sie ganz genau, wie sie mit uns umgehen m\u00fcssen. Wir sind knapp 80 Sch\u00fcler und haben 16 Lehrer, nat\u00fcrlich versteht man sich nicht mit allen gleich perfekt. Aber es reicht aus, wenn Du eine Person hast, die Dir zuh\u00f6rt und Dir hilft Deinen Weg zu gehen, Deinen Mentor.<\/p>\n<p>Wenn meine Freunde im Semi zu Besuch sind, dann sagen sie mir immer, dass sie sich f\u00fchlen wie im Schullandheim. Diese Beschreibung ist gut. Aber das bekannte Schullandheimkribbeln geht mit der Zeit verloren. Ganz besonders ist auch die Bindung zu den Mitsch\u00fclern. Es entstehen Freundschaften f\u00fcrs Leben. Menschen, die man bisher noch nicht kannte, man \u00f6fter sieht als die Familie, die Geschwister oder die eigenen Freunde, werden pl\u00f6tzlich zu genau diesen.&#8220;<\/p>\n<p><strong>\u00a0<\/strong>Konrad, Promo 2014\/2018[\/vc_column_text][\/vc_column][\/vc_row][vc_row][vc_column column_width_percent=&#8220;100&#8243; style=&#8220;light&#8220; back_color=&#8220;color-vyce&#8220; overlay_alpha=&#8220;50&#8243; gutter_size=&#8220;3&#8243; medium_width=&#8220;0&#8243; mobile_width=&#8220;0&#8243; shift_x=&#8220;0&#8243; shift_y=&#8220;0&#8243; shift_y_down=&#8220;0&#8243; z_index=&#8220;0&#8243; width=&#8220;1\/3&#8243;][vc_custom_heading heading_semantic=&#8220;h4&#8243; text_size=&#8220;h4&#8243; text_color=&#8220;color-xsdn&#8220;]<a href=\"http:\/\/seminar-blaubeuren.de\/index.php\/klassen\/\">AKTUELLE PROMOTIONEN<\/a>[\/vc_custom_heading][\/vc_column][vc_column column_width_percent=&#8220;100&#8243; back_color=&#8220;color-iopl&#8220; overlay_alpha=&#8220;50&#8243; gutter_size=&#8220;3&#8243; medium_width=&#8220;0&#8243; mobile_width=&#8220;0&#8243; shift_x=&#8220;0&#8243; shift_y=&#8220;0&#8243; shift_y_down=&#8220;0&#8243; z_index=&#8220;0&#8243; width=&#8220;1\/3&#8243;][vc_custom_heading heading_semantic=&#8220;h4&#8243; text_size=&#8220;h4&#8243; text_color=&#8220;color-xsdn&#8220;]<a href=\"http:\/\/seminar-blaubeuren.de\/index.php\/lehrende\/\">LEHRENDE UND MITARBEITER<\/a>[\/vc_custom_heading][\/vc_column][vc_column column_width_percent=&#8220;100&#8243; back_color=&#8220;color-dfgh&#8220; overlay_alpha=&#8220;50&#8243; gutter_size=&#8220;3&#8243; medium_width=&#8220;0&#8243; mobile_width=&#8220;0&#8243; shift_x=&#8220;0&#8243; shift_y=&#8220;0&#8243; shift_y_down=&#8220;0&#8243; z_index=&#8220;0&#8243; width=&#8220;1\/3&#8243;][vc_custom_heading heading_semantic=&#8220;h4&#8243; text_size=&#8220;h4&#8243; text_color=&#8220;color-xsdn&#8220;]<a href=\"http:\/\/seminar-blaubeuren.de\/index.php\/ehemalige\/\">EHEMALIGE<\/a>[\/vc_custom_heading][\/vc_column][\/vc_row]<\/p>\n<\/div>","protected":false},"excerpt":{"rendered":"<p>[vc_row][vc_column width=&#8220;1\/1&#8243;][vc_custom_heading]Warum Menschen am Seminar so wichtig sind [\/vc_custom_heading][vc_column_text]&#8220;Die Lehrer am Seminar sind mehr als einfach nur Lehrer, diese Menschen [&hellip;]<\/p>\n","protected":false},"author":5,"featured_media":0,"parent":0,"menu_order":44,"comment_status":"closed","ping_status":"closed","template":"","meta":{"footnotes":""},"class_list":["post-167","page","type-page","status-publish","hentry","page_category-menschen"],"_links":{"self":[{"href":"https:\/\/seminar-blaubeuren.de\/index.php\/wp-json\/wp\/v2\/pages\/167","targetHints":{"allow":["GET"]}}],"collection":[{"href":"https:\/\/seminar-blaubeuren.de\/index.php\/wp-json\/wp\/v2\/pages"}],"about":[{"href":"https:\/\/seminar-blaubeuren.de\/index.php\/wp-json\/wp\/v2\/types\/page"}],"author":[{"embeddable":true,"href":"https:\/\/seminar-blaubeuren.de\/index.php\/wp-json\/wp\/v2\/users\/5"}],"replies":[{"embeddable":true,"href":"https:\/\/seminar-blaubeuren.de\/index.php\/wp-json\/wp\/v2\/comments?post=167"}],"version-history":[{"count":12,"href":"https:\/\/seminar-blaubeuren.de\/index.php\/wp-json\/wp\/v2\/pages\/167\/revisions"}],"predecessor-version":[{"id":74095,"href":"https:\/\/seminar-blaubeuren.de\/index.php\/wp-json\/wp\/v2\/pages\/167\/revisions\/74095"}],"wp:attachment":[{"href":"https:\/\/seminar-blaubeuren.de\/index.php\/wp-json\/wp\/v2\/media?parent=167"}],"curies":[{"name":"wp","href":"https:\/\/api.w.org\/{rel}","templated":true}]}}