{"id":163,"date":"2018-05-05T17:10:37","date_gmt":"2018-05-05T15:10:37","guid":{"rendered":"http:\/\/seminar-blaubeuren.de\/?page_id=163"},"modified":"2025-12-02T11:16:14","modified_gmt":"2025-12-02T10:16:14","slug":"schule","status":"publish","type":"page","link":"https:\/\/seminar-blaubeuren.de\/index.php\/schule\/","title":{"rendered":"Schule"},"content":{"rendered":"<div class=\"wpb-content-wrapper\"><p>[vc_row][vc_column width=&#8220;1\/1&#8243;][vc_custom_heading]Herzlich willkommen auf der Homepage des Evangelischen Seminars Blaubeuren[\/vc_custom_heading][vc_column_text]<\/p>\n<div id=\"c1\">\n<div class=\"container container--small\">\n<div class=\"ce-textpic ce-right ce-intext\">\n<div class=\"ce-bodytext margin-bottom-huge\">\n<p>Das Seminar Blaubeuren ist seit 1556 eine Internatsschule. Hier findest Du ein einzigartiges Lern- und Lebensumfeld &#8211; unabh\u00e4ngig von den finanziellen M\u00f6glichkeiten Deiner Eltern. Das Seminar ist weit mehr als Schule und Internat. Es ist der Ort, in dem Du mit Deinen F\u00e4higkeiten und Deiner Lust am Lernen und Hinterfragen Deinen Platz findest.<\/p>\n<p>Das Seminar ist ein Gymnasium und Internat des Landes und der Evangelischen Landeskirche in W\u00fcrttemberg mit langer Tradition. Es bietet ein breites, an christlichen Werten orientiertes Bildungs- und Freizeitangebot und f\u00f6rdert die Entwicklung zu Selbstst\u00e4ndigkeit und Verantwortung.<\/p>\n<p>F\u00fcr Dein musikalisches Talent, Dein Gesp\u00fcr f\u00fcr Sprachen und Dein Interesse an theologischen Fragen findest Du hier die optimale F\u00f6rderung und viel Raum zur Entfaltung.<\/p>\n<p>Das Seminar Blaubeuren nimmt evangelische Sch\u00fclerinnen und Sch\u00fcler ab Klasse 9 auf, auch ein &#8222;Quereinstieg&#8220; in die h\u00f6heren Klassen ist m\u00f6glich.<\/p>\n<\/div>\n<\/div>\n<\/div>\n<\/div>\n<p>[\/vc_column_text][\/vc_column][\/vc_row]<\/p>\n<\/div>","protected":false},"excerpt":{"rendered":"<p>[vc_row][vc_column width=&#8220;1\/1&#8243;][vc_custom_heading]Herzlich willkommen auf der Homepage des Evangelischen Seminars Blaubeuren[\/vc_custom_heading][vc_column_text] Das Seminar Blaubeuren ist seit 1556 eine Internatsschule. Hier findest [&hellip;]<\/p>\n","protected":false},"author":5,"featured_media":0,"parent":0,"menu_order":32,"comment_status":"closed","ping_status":"closed","template":"","meta":{"footnotes":""},"class_list":["post-163","page","type-page","status-publish","hentry","page_category-schule"],"_links":{"self":[{"href":"https:\/\/seminar-blaubeuren.de\/index.php\/wp-json\/wp\/v2\/pages\/163","targetHints":{"allow":["GET"]}}],"collection":[{"href":"https:\/\/seminar-blaubeuren.de\/index.php\/wp-json\/wp\/v2\/pages"}],"about":[{"href":"https:\/\/seminar-blaubeuren.de\/index.php\/wp-json\/wp\/v2\/types\/page"}],"author":[{"embeddable":true,"href":"https:\/\/seminar-blaubeuren.de\/index.php\/wp-json\/wp\/v2\/users\/5"}],"replies":[{"embeddable":true,"href":"https:\/\/seminar-blaubeuren.de\/index.php\/wp-json\/wp\/v2\/comments?post=163"}],"version-history":[{"count":6,"href":"https:\/\/seminar-blaubeuren.de\/index.php\/wp-json\/wp\/v2\/pages\/163\/revisions"}],"predecessor-version":[{"id":75781,"href":"https:\/\/seminar-blaubeuren.de\/index.php\/wp-json\/wp\/v2\/pages\/163\/revisions\/75781"}],"wp:attachment":[{"href":"https:\/\/seminar-blaubeuren.de\/index.php\/wp-json\/wp\/v2\/media?parent=163"}],"curies":[{"name":"wp","href":"https:\/\/api.w.org\/{rel}","templated":true}]}}