{"id":126,"date":"2018-05-05T17:03:33","date_gmt":"2018-05-05T15:03:33","guid":{"rendered":"http:\/\/seminar-blaubeuren.de\/?page_id=126"},"modified":"2026-02-24T09:42:04","modified_gmt":"2026-02-24T08:42:04","slug":"kosten","status":"publish","type":"page","link":"https:\/\/seminar-blaubeuren.de\/index.php\/semi-werden\/kosten\/","title":{"rendered":"Kosten"},"content":{"rendered":"<div class=\"wpb-content-wrapper\"><p>[vc_row][vc_column width=&#8220;1\/1&#8243;][vc_column_text uncode_shortcode_id=&#8220;188592&#8243;]Alle Seminaristinnen und Seminaristen sind nach erfolgreicher Teilnahme an der Aufnahmepr\u00fcfung \u2013 dem traditionsreichen \u201eLandexamen\u201c \u2013 Stipendiaten der Ev. Seminarstiftung. Der Besuch von Schule (Gymnasium) und Internat ist damit allen interessierten evangelischen Sch\u00fclerinnen und Sch\u00fclern bei geringen Kosten m\u00f6glich.<\/p>\n<p>Je nach Abschneiden beim Landexamen erhalten die neuen Seminaristinne und Seminaristen dann ein Voll- oder Teilstipendium:<br \/>\n18 Sch\u00fclerinnen und Sch\u00fcler pro Jahrgang erhalten ein <b>Vollstipendium<\/b>.<br \/>\nDie Kosten betragen dann 350,- Euro im Monat, inklusive Unterbringung, Verpflegung und Betreuung.<br \/>\nWer sp\u00e4ter in den Pfarrdienst bei der Evangelischen Landeskirche in W\u00fcrttemberg oder in den h\u00f6heren Schuldienst beim Land Baden-W\u00fcrttemberg als Religionsphilologe eintritt, erh\u00e4lt diesen Betrag wieder erstattet.<\/p>\n<p>Bis zu sieben weitere Sch\u00fclerInnen pro Jahrgang erhalten ein <b>Teilstipendium<\/b>. Die Kosten betragen dann 1050,- Euro im Monat, inklusive Unterbringung, Verpflegung und Betreuung.<\/p>\n<p>In beiden F\u00e4llen kann ab der 10. Klasse BAf\u00f6G beantragt werden. <a href=\"https:\/\/www.baf\u00f6g.de\/588.php\"><b>Sch\u00fcler-BAf\u00f6G <\/b><\/a>ist ein nicht zur\u00fcckzuzahlender staatlicher Zuschuss, der bei H\u00f6chstf\u00f6rderungsanspruch bis zu 230\u20ac pro Monat h\u00f6her ist als die an das Seminar zu zahlenden Kosten. Selbst im Fall eines nur eingeschr\u00e4nkten F\u00f6rderanspruchs k\u00f6nnen die tats\u00e4chlich verbleibenden Kosten damit deutlich reduziert werden. Seminaristinnen und Seminaristen mit BAf\u00f6G-Anspruch zahlen in der noch nicht gef\u00f6rderten 9. Klasse nur einen den Eltern m\u00f6glichen, reduzierten Betrag. Genaueres hierzu finden Sie in der hier hinterlegten PDF\u00a0<a href=\"https:\/\/seminar-blaubeuren.de\/wp-content\/uploads\/2021\/02\/Informationen-zum-Schueler-BAfoeG.pdf\" target=\"_blank\" rel=\"noopener noreferrer\">&#8222;Informationen zum Sch\u00fcler-BAf\u00f6G&#8220;<\/a>.<\/p>\n<p>Uns ist wichtig, dass der Besuch des Seminars unabh\u00e4ngig von den finanziellen M\u00f6glichkeiten der Eltern jeder und jedem m\u00f6glich ist. Um soziale H\u00e4rten zu vermeiden, ist in Einzelf\u00e4llen auch die Unterst\u00fctzung durch ein weiteres landeskirchliches Stipendium m\u00f6glich.[\/vc_column_text][\/vc_column][\/vc_row]<\/p>\n<\/div>","protected":false},"excerpt":{"rendered":"<p>[vc_row][vc_column width=&#8220;1\/1&#8243;][vc_column_text uncode_shortcode_id=&#8220;188592&#8243;]Alle Seminaristinnen und Seminaristen sind nach erfolgreicher Teilnahme an der Aufnahmepr\u00fcfung \u2013 dem traditionsreichen \u201eLandexamen\u201c \u2013 Stipendiaten der [&hellip;]<\/p>\n","protected":false},"author":5,"featured_media":0,"parent":198,"menu_order":43,"comment_status":"closed","ping_status":"closed","template":"","meta":{"footnotes":""},"class_list":["post-126","page","type-page","status-publish","hentry","page_category-semi-werden"],"_links":{"self":[{"href":"https:\/\/seminar-blaubeuren.de\/index.php\/wp-json\/wp\/v2\/pages\/126","targetHints":{"allow":["GET"]}}],"collection":[{"href":"https:\/\/seminar-blaubeuren.de\/index.php\/wp-json\/wp\/v2\/pages"}],"about":[{"href":"https:\/\/seminar-blaubeuren.de\/index.php\/wp-json\/wp\/v2\/types\/page"}],"author":[{"embeddable":true,"href":"https:\/\/seminar-blaubeuren.de\/index.php\/wp-json\/wp\/v2\/users\/5"}],"replies":[{"embeddable":true,"href":"https:\/\/seminar-blaubeuren.de\/index.php\/wp-json\/wp\/v2\/comments?post=126"}],"version-history":[{"count":10,"href":"https:\/\/seminar-blaubeuren.de\/index.php\/wp-json\/wp\/v2\/pages\/126\/revisions"}],"predecessor-version":[{"id":79383,"href":"https:\/\/seminar-blaubeuren.de\/index.php\/wp-json\/wp\/v2\/pages\/126\/revisions\/79383"}],"up":[{"embeddable":true,"href":"https:\/\/seminar-blaubeuren.de\/index.php\/wp-json\/wp\/v2\/pages\/198"}],"wp:attachment":[{"href":"https:\/\/seminar-blaubeuren.de\/index.php\/wp-json\/wp\/v2\/media?parent=126"}],"curies":[{"name":"wp","href":"https:\/\/api.w.org\/{rel}","templated":true}]}}