{"id":105,"date":"2018-05-05T16:59:28","date_gmt":"2018-05-05T14:59:28","guid":{"rendered":"http:\/\/seminar-blaubeuren.de\/?page_id=105"},"modified":"2025-12-02T11:16:14","modified_gmt":"2025-12-02T10:16:14","slug":"schulprofil","status":"publish","type":"page","link":"https:\/\/seminar-blaubeuren.de\/index.php\/schule\/schulprofil\/","title":{"rendered":"Schulprofil"},"content":{"rendered":"<div class=\"wpb-content-wrapper\"><p>[vc_row][vc_column width=&#8220;1\/1&#8243;][vc_custom_heading]Herzlich willkommen auf der Homepage des Evangelischen Seminars Blaubeuren[\/vc_custom_heading][vc_column_text uncode_shortcode_id=&#8220;415589&#8243;]<\/p>\n<div id=\"c1\">\n<div class=\"container container--small\">\n<div class=\"ce-textpic ce-right ce-intext\">\n<div class=\"ce-bodytext margin-bottom-huge\">\n<p>Das Seminar Blaubeuren ist seit 1556 eine Internatsschule. Hier findest Du ein einzigartiges Lern- und Lebensumfeld &#8211; unabh\u00e4ngig von den finanziellen M\u00f6glichkeiten Deiner Eltern. Das Seminar ist weit mehr als Schule und Internat. Es ist der Ort, in dem Du mit Deinen F\u00e4higkeiten und Deiner Lust am Lernen und Hinterfragen Deinen Platz findest.<\/p>\n<p>Das Seminar ist ein Gymnasium und Internat des Landes und der Evangelischen Landeskirche in W\u00fcrttemberg mit langer Tradition. Es bietet ein breites, an christlichen Werten orientiertes Bildungs- und Freizeitangebot und f\u00f6rdert die Entwicklung zu Selbstst\u00e4ndigkeit und Verantwortung.<\/p>\n<p>F\u00fcr Dein musikalisches Talent, Dein Gesp\u00fcr f\u00fcr Sprachen und Dein Interesse an theologischen Fragen findest Du hier die optimale F\u00f6rderung und viel Raum zur Entfaltung.<\/p>\n<p>Das Seminar Blaubeuren nimmt evangelische Sch\u00fclerinnen und Sch\u00fcler ab Klasse 9 auf, auch ein &#8222;Quereinstieg&#8220; in die h\u00f6heren Klassen ist m\u00f6glich.<br \/>\nPro Jahrgang k\u00f6nnen auch einzelne nicht-evangelische, christliche Sch\u00fclerinnen und Sch\u00fcler aufgenommen werden. Des weiteren besteht die M\u00f6glichkeit eines &#8222;externen&#8220; Schulbesuchs, d.h. die Sch\u00fclerin oder der Sch\u00fcler nehmen am Unterricht und den Mahlzeiten teil, \u00fcbernachten jedoch nicht im Internat.<\/p>\n<\/div>\n<\/div>\n<\/div>\n<\/div>\n<p>[\/vc_column_text][\/vc_column][\/vc_row]<\/p>\n<\/div>","protected":false},"excerpt":{"rendered":"<p>[vc_row][vc_column width=&#8220;1\/1&#8243;][vc_custom_heading]Herzlich willkommen auf der Homepage des Evangelischen Seminars Blaubeuren[\/vc_custom_heading][vc_column_text uncode_shortcode_id=&#8220;415589&#8243;] Das Seminar Blaubeuren ist seit 1556 eine Internatsschule. Hier [&hellip;]<\/p>\n","protected":false},"author":5,"featured_media":0,"parent":163,"menu_order":32,"comment_status":"closed","ping_status":"closed","template":"","meta":{"footnotes":""},"class_list":["post-105","page","type-page","status-publish","hentry","page_category-schule"],"_links":{"self":[{"href":"https:\/\/seminar-blaubeuren.de\/index.php\/wp-json\/wp\/v2\/pages\/105","targetHints":{"allow":["GET"]}}],"collection":[{"href":"https:\/\/seminar-blaubeuren.de\/index.php\/wp-json\/wp\/v2\/pages"}],"about":[{"href":"https:\/\/seminar-blaubeuren.de\/index.php\/wp-json\/wp\/v2\/types\/page"}],"author":[{"embeddable":true,"href":"https:\/\/seminar-blaubeuren.de\/index.php\/wp-json\/wp\/v2\/users\/5"}],"replies":[{"embeddable":true,"href":"https:\/\/seminar-blaubeuren.de\/index.php\/wp-json\/wp\/v2\/comments?post=105"}],"version-history":[{"count":9,"href":"https:\/\/seminar-blaubeuren.de\/index.php\/wp-json\/wp\/v2\/pages\/105\/revisions"}],"predecessor-version":[{"id":78734,"href":"https:\/\/seminar-blaubeuren.de\/index.php\/wp-json\/wp\/v2\/pages\/105\/revisions\/78734"}],"up":[{"embeddable":true,"href":"https:\/\/seminar-blaubeuren.de\/index.php\/wp-json\/wp\/v2\/pages\/163"}],"wp:attachment":[{"href":"https:\/\/seminar-blaubeuren.de\/index.php\/wp-json\/wp\/v2\/media?parent=105"}],"curies":[{"name":"wp","href":"https:\/\/api.w.org\/{rel}","templated":true}]}}